{"id":526,"date":"2023-07-17T14:40:57","date_gmt":"2023-07-17T14:40:57","guid":{"rendered":"https:\/\/www.residencevillaaranci.com\/home\/"},"modified":"2023-08-17T10:49:32","modified_gmt":"2023-08-17T10:49:32","slug":"home","status":"publish","type":"page","link":"https:\/\/www.residencevillaaranci.com\/de\/","title":{"rendered":"Home"},"content":{"rendered":"\n<h2 class=\"wp-block-heading has-text-align-center\">Info<\/h2>\n\n\n\n<h3 class=\"wp-block-heading has-text-align-center\">Allgemeine Bedingungen<\/h3>\n\n\n\n<div class=\"wp-block-jetpack-layout-grid c-info column1-desktop-grid__span-6 column1-desktop-grid__row-1 column2-desktop-grid__span-6 column2-desktop-grid__start-7 column2-desktop-grid__row-1 column1-tablet-grid__span-4 column1-tablet-grid__row-1 column2-tablet-grid__span-4 column2-tablet-grid__start-5 column2-tablet-grid__row-1 column1-mobile-grid__span-4 column1-mobile-grid__row-1 column2-mobile-grid__span-4 column2-mobile-grid__row-2 wp-block-jetpack-layout-gutter__nowrap\">\n<div class=\"wp-block-jetpack-layout-grid-column wp-block-jetpack-layout-grid__padding-none\">\n<p><strong>Check-in &amp; check-out:<\/strong> ankunft von 15.00 \u2013 18,30 Uhr. Abreise von 7.00 \u2013 9.30 Uhr.&nbsp;<\/p>\n\n\n\n<p><strong>Late check-in &amp; late check-out:<\/strong>&nbsp;f\u00fcr einen Aufpreis von 60,00 Euro k\u00f6nnen Sie von 19.00 bis 23.00 Uhr unseren Late-Check-in-Service in Anspruch nehmen. F\u00fcr einen Aufpreis von 60.00\/80,00 Euro k\u00f6nnen Sie bis 15.00 Uhr unseren Late-Check-out-Service in Anspruch nehmen.<\/p>\n\n\n\n<p><strong>Kaution:<\/strong> bei der Ankunft ist eine Kaution in Hoehe zu hinterlegen, welche Ihnen bei der Abreise wieder zur\u00fcckerstattet wird.&nbsp;<\/p>\n\n\n\n<p><strong>Anzahlung:<\/strong> zur Best\u00e4tigung der Buchung ist eine Anzahlung von 30 Prozent des Buchungspreises zu leisten. Eine R\u00fcckerstattung der Anzahlung kann nur gew\u00e4hrleistet werden, wenn sich f\u00fcr den besagten Zeitraum Ersatzg\u00e4ste finden.<\/p>\n<\/div>\n\n\n\n<div class=\"wp-block-jetpack-layout-grid-column wp-block-jetpack-layout-grid__padding-none\">\n<p><strong>Stornierung:<\/strong> Im Falle einer Stornierung des Aufenthalts werden die Kosten wie folgt berechnet:<br>&#8212; bei Stornierung bis zu 30 Tagen vor Anreise wird eine Geb\u00fchr von 30 Prozent des Buchungspreises gefragt;<br>&#8212; zwischen 29 und 1 Tag vor Anreise wird eine Geb\u00fchr von 50 Prozent des Buchungspreises gefragt;<br>&#8212; bei Stornierung 1 Tag vor der Anreise oder bei vorzeitiger Abreise wird der Gesamtpreis gerechnet.<\/p>\n\n\n\n<p><strong>Hunde:<\/strong> Haustiere sind nicht erlaubt.<\/p>\n\n\n\n<p><strong>Nichtraucher:<\/strong> wir bitten Sie, in den Apartments auf das Rauchen zu verzichten.&nbsp;<\/p>\n\n\n\n<p><strong>Zug\u00e4nglichkeit:<\/strong> bitte beachten Sie, dass die Villa Aranci architektonische Barrieren aufweist.<\/p>\n<\/div>\n<\/div>\n\n\n\n<h2 class=\"wp-block-heading has-text-align-center\">Service<\/h2>\n\n\n\n<h3 class=\"wp-block-heading has-text-align-center\">WiFi | Klimatisierung | Spielplatz | Parkplatz<\/h3>\n\n\n<div class=\"wp-block-image\">\n<figure class=\"aligncenter size-full is-resized\"><img decoding=\"async\" loading=\"lazy\" src=\"https:\/\/www.residencevillaaranci.com\/wp-content\/uploads\/2023\/07\/icone-servizi.png\" alt=\"Servizi Residence Villa Aranci\" class=\"wp-image-615\" width=\"400\" height=\"88\" srcset=\"https:\/\/www.residencevillaaranci.com\/wp-content\/uploads\/2023\/07\/icone-servizi.png 800w, https:\/\/www.residencevillaaranci.com\/wp-content\/uploads\/2023\/07\/icone-servizi-300x66.png 300w, https:\/\/www.residencevillaaranci.com\/wp-content\/uploads\/2023\/07\/icone-servizi-768x168.png 768w\" sizes=\"(max-width: 400px) 100vw, 400px\" \/><\/figure><\/div>","protected":false},"excerpt":{"rendered":"<p>Info Allgemeine Bedingungen Check-in &amp; check-out: ankunft von 15.00 \u2013 18,30 Uhr. Abreise von 7.00 \u2013 9.30 Uhr.&nbsp; Late check-in &amp; late check-out:&nbsp;f\u00fcr einen Aufpreis von 60,00 Euro k\u00f6nnen Sie von 19.00 bis 23.00 Uhr unseren Late-Check-in-Service in Anspruch nehmen. F\u00fcr einen Aufpreis von 60.00\/80,00 Euro k\u00f6nnen Sie bis 15.00 Uhr unseren Late-Check-out-Service in Anspruch&hellip;<\/p>\n","protected":false},"author":1,"featured_media":754,"parent":0,"menu_order":0,"comment_status":"closed","ping_status":"open","template":"home-page.php","meta":{"inline_featured_image":false},"acf":[],"yoast_head":"<!-- This site is optimized with the Yoast SEO plugin v21.5 - https:\/\/yoast.com\/wordpress\/plugins\/seo\/ -->\n<title>Residence Villa Aranci a Limone sul Garda<\/title>\n<meta name=\"description\" content=\"Villa Aranci \u00e8 un piccolo Residence situato nel verde di olivi e alberi di arancio, in posizione tranquilla e con una splendida vista sul lago di Garda.\" \/>\n<meta name=\"robots\" content=\"index, follow, max-snippet:-1, max-image-preview:large, max-video-preview:-1\" \/>\n<link rel=\"canonical\" href=\"https:\/\/www.residencevillaaranci.com\/\" \/>\n<meta property=\"og:locale\" content=\"de_DE\" \/>\n<meta property=\"og:type\" content=\"article\" \/>\n<meta property=\"og:title\" content=\"Residence Villa Aranci a Limone sul Garda\" \/>\n<meta property=\"og:description\" content=\"Villa Aranci \u00e8 un piccolo Residence situato nel verde di olivi e alberi di arancio, in posizione tranquilla e con una splendida vista sul lago di Garda.\" \/>\n<meta property=\"og:url\" content=\"https:\/\/www.residencevillaaranci.com\/\" \/>\n<meta property=\"og:site_name\" content=\"Residence Villa Aranci\" \/>\n<meta property=\"article:modified_time\" content=\"2023-08-17T10:49:32+00:00\" \/>\n<meta property=\"og:image\" content=\"https:\/\/www.residencevillaaranci.com\/wp-content\/uploads\/2023\/08\/Residence-Villa-Aranci-Limone-sul-Garda.jpg\" \/>\n\t<meta property=\"og:image:width\" content=\"1700\" \/>\n\t<meta property=\"og:image:height\" content=\"1133\" \/>\n\t<meta property=\"og:image:type\" content=\"image\/jpeg\" \/>\n<meta name=\"twitter:card\" content=\"summary_large_image\" \/>\n<script type=\"application\/ld+json\" class=\"yoast-schema-graph\">{\"@context\":\"https:\/\/schema.org\",\"@graph\":[{\"@type\":\"WebPage\",\"@id\":\"https:\/\/www.residencevillaaranci.com\/\",\"url\":\"https:\/\/www.residencevillaaranci.com\/\",\"name\":\"Residence Villa Aranci a Limone sul Garda\",\"isPartOf\":{\"@id\":\"https:\/\/www.residencevillaaranci.com\/#website\"},\"datePublished\":\"2023-07-17T14:40:57+00:00\",\"dateModified\":\"2023-08-17T10:49:32+00:00\",\"description\":\"Villa Aranci \u00e8 un piccolo Residence situato nel verde di olivi e alberi di arancio, in posizione tranquilla e con una splendida vista sul lago di Garda.\",\"inLanguage\":\"de\",\"potentialAction\":[{\"@type\":\"ReadAction\",\"target\":[\"https:\/\/www.residencevillaaranci.com\/\"]}]},{\"@type\":\"WebSite\",\"@id\":\"https:\/\/www.residencevillaaranci.com\/#website\",\"url\":\"https:\/\/www.residencevillaaranci.com\/\",\"name\":\"Residence Villa Aranci\",\"description\":\"Ferien Wohnungen a Limone sul Garda\",\"potentialAction\":[{\"@type\":\"SearchAction\",\"target\":{\"@type\":\"EntryPoint\",\"urlTemplate\":\"https:\/\/www.residencevillaaranci.com\/?s={search_term_string}\"},\"query-input\":\"required name=search_term_string\"}],\"inLanguage\":\"de\"}]}<\/script>\n<!-- \/ Yoast SEO plugin. -->","yoast_head_json":{"title":"Residence Villa Aranci a Limone sul Garda","description":"Villa Aranci \u00e8 un piccolo Residence situato nel verde di olivi e alberi di arancio, in posizione tranquilla e con una splendida vista sul lago di Garda.","robots":{"index":"index","follow":"follow","max-snippet":"max-snippet:-1","max-image-preview":"max-image-preview:large","max-video-preview":"max-video-preview:-1"},"canonical":"https:\/\/www.residencevillaaranci.com\/","og_locale":"de_DE","og_type":"article","og_title":"Residence Villa Aranci a Limone sul Garda","og_description":"Villa Aranci \u00e8 un piccolo Residence situato nel verde di olivi e alberi di arancio, in posizione tranquilla e con una splendida vista sul lago di Garda.","og_url":"https:\/\/www.residencevillaaranci.com\/","og_site_name":"Residence Villa Aranci","article_modified_time":"2023-08-17T10:49:32+00:00","og_image":[{"width":1700,"height":1133,"url":"https:\/\/www.residencevillaaranci.com\/wp-content\/uploads\/2023\/08\/Residence-Villa-Aranci-Limone-sul-Garda.jpg","type":"image\/jpeg"}],"twitter_card":"summary_large_image","schema":{"@context":"https:\/\/schema.org","@graph":[{"@type":"WebPage","@id":"https:\/\/www.residencevillaaranci.com\/","url":"https:\/\/www.residencevillaaranci.com\/","name":"Residence Villa Aranci a Limone sul Garda","isPartOf":{"@id":"https:\/\/www.residencevillaaranci.com\/#website"},"datePublished":"2023-07-17T14:40:57+00:00","dateModified":"2023-08-17T10:49:32+00:00","description":"Villa Aranci \u00e8 un piccolo Residence situato nel verde di olivi e alberi di arancio, in posizione tranquilla e con una splendida vista sul lago di Garda.","inLanguage":"de","potentialAction":[{"@type":"ReadAction","target":["https:\/\/www.residencevillaaranci.com\/"]}]},{"@type":"WebSite","@id":"https:\/\/www.residencevillaaranci.com\/#website","url":"https:\/\/www.residencevillaaranci.com\/","name":"Residence Villa Aranci","description":"Ferien Wohnungen a Limone sul Garda","potentialAction":[{"@type":"SearchAction","target":{"@type":"EntryPoint","urlTemplate":"https:\/\/www.residencevillaaranci.com\/?s={search_term_string}"},"query-input":"required name=search_term_string"}],"inLanguage":"de"}]}},"_links":{"self":[{"href":"https:\/\/www.residencevillaaranci.com\/de\/wp-json\/wp\/v2\/pages\/526"}],"collection":[{"href":"https:\/\/www.residencevillaaranci.com\/de\/wp-json\/wp\/v2\/pages"}],"about":[{"href":"https:\/\/www.residencevillaaranci.com\/de\/wp-json\/wp\/v2\/types\/page"}],"author":[{"embeddable":true,"href":"https:\/\/www.residencevillaaranci.com\/de\/wp-json\/wp\/v2\/users\/1"}],"replies":[{"embeddable":true,"href":"https:\/\/www.residencevillaaranci.com\/de\/wp-json\/wp\/v2\/comments?post=526"}],"version-history":[{"count":4,"href":"https:\/\/www.residencevillaaranci.com\/de\/wp-json\/wp\/v2\/pages\/526\/revisions"}],"predecessor-version":[{"id":942,"href":"https:\/\/www.residencevillaaranci.com\/de\/wp-json\/wp\/v2\/pages\/526\/revisions\/942"}],"wp:featuredmedia":[{"embeddable":true,"href":"https:\/\/www.residencevillaaranci.com\/de\/wp-json\/wp\/v2\/media\/754"}],"wp:attachment":[{"href":"https:\/\/www.residencevillaaranci.com\/de\/wp-json\/wp\/v2\/media?parent=526"}],"curies":[{"name":"wp","href":"https:\/\/api.w.org\/{rel}","templated":true}]}}